{"id":6035,"date":"2018-10-03T10:32:29","date_gmt":"2018-10-03T08:32:29","guid":{"rendered":"https:\/\/innptunettrstg.wpenginepowered.com\/kontakt\/"},"modified":"2025-11-24T15:47:07","modified_gmt":"2025-11-24T14:47:07","slug":"kontakt","status":"publish","type":"page","link":"https:\/\/iptt.no\/innland\/kontakt\/","title":{"rendered":"Kontakt"},"content":{"rendered":"\n\n\t<p>Velkommen til \u00e5 ta kontakt med oss om du lurer p\u00e5 noen av tilbudene v\u00e5re, du har noen du \u00f8nsker \u00e5 formidle et inn p\u00e5 tune tilbud til eller du \u00f8nsker du \u00e5 s\u00f8ke godkjenning som Inn p\u00e5 tunet g\u00e5rd og bli del av v\u00e5rt lokale samvirke.<\/p>\n\t\t\t\t<img decoding=\"async\" src=\"https:\/\/iptt.no\/wp-content\/uploads\/2022\/04\/alphamal.svg\" alt=\"Logo for Alphamal\" itemprop=\"image\" height=\"47\" width=\"192\" title=\"alphamal\" onerror=\"this.style.display='none'\" loading=\"lazy\" \/>\n\n","protected":false},"excerpt":{"rendered":"<p>Velkommen til \u00e5 ta kontakt med oss om du lurer p\u00e5 noen av tilbudene v\u00e5re, du har noen du \u00f8nsker \u00e5 formidle et inn p\u00e5 tune tilbud til eller du \u00f8nsker du \u00e5 s\u00f8ke godkjenning som Inn p\u00e5 tunet g\u00e5rd og bli del av v\u00e5rt lokale samvirke.<\/p>\n","protected":false},"author":7,"featured_media":0,"parent":0,"menu_order":7,"comment_status":"closed","ping_status":"closed","template":"","meta":{"_acf_changed":false,"_analytify_skip_tracking":false,"footnotes":""},"class_list":["post-6035","page","type-page","status-publish","hentry"],"acf":[],"yoast_head":"<!-- This site is optimized with the Yoast SEO plugin v27.2 - https:\/\/yoast.com\/product\/yoast-seo-wordpress\/ -->\n<title>Kontakt - Inn P\u00e5 Tunet Tr\u00f8ndelag<\/title>\n<meta name=\"robots\" content=\"index, follow, max-snippet:-1, max-image-preview:large, max-video-preview:-1\" \/>\n<link rel=\"canonical\" href=\"https:\/\/iptt.no\/innland\/kontakt\/\" \/>\n<meta property=\"og:locale\" content=\"en_US\" \/>\n<meta property=\"og:type\" content=\"article\" \/>\n<meta property=\"og:title\" content=\"Kontakt - Inn P\u00e5 Tunet Tr\u00f8ndelag\" \/>\n<meta property=\"og:description\" content=\"Velkommen til \u00e5 ta kontakt med oss om du lurer p\u00e5 noen av tilbudene v\u00e5re, du har noen du \u00f8nsker \u00e5 formidle et inn p\u00e5 tune tilbud til eller du \u00f8nsker du \u00e5 s\u00f8ke godkjenning som Inn p\u00e5 tunet g\u00e5rd og bli del av v\u00e5rt lokale samvirke.\" \/>\n<meta property=\"og:url\" content=\"https:\/\/iptt.no\/innland\/kontakt\/\" \/>\n<meta property=\"og:site_name\" content=\"Inn P\u00e5 Tunet Tr\u00f8ndelag\" \/>\n<meta property=\"article:modified_time\" content=\"2025-11-24T14:47:07+00:00\" \/>\n<meta property=\"og:image\" content=\"https:\/\/iptt.no\/wp-content\/uploads\/2022\/04\/alphamal.svg\" \/>\n<meta name=\"twitter:card\" content=\"summary_large_image\" \/>\n<script type=\"application\/ld+json\" class=\"yoast-schema-graph\">{\"@context\":\"https:\/\/schema.org\",\"@graph\":[{\"@type\":\"WebPage\",\"@id\":\"https:\/\/iptt.no\/innland\/kontakt\/\",\"url\":\"https:\/\/iptt.no\/innland\/kontakt\/\",\"name\":\"Kontakt - Inn P\u00e5 Tunet Tr\u00f8ndelag\",\"isPartOf\":{\"@id\":\"https:\/\/iptt.no\/innland\/#website\"},\"primaryImageOfPage\":{\"@id\":\"https:\/\/iptt.no\/innland\/kontakt\/#primaryimage\"},\"image\":{\"@id\":\"https:\/\/iptt.no\/innland\/kontakt\/#primaryimage\"},\"thumbnailUrl\":\"https:\/\/iptt.no\/wp-content\/uploads\/2022\/04\/alphamal.svg\",\"datePublished\":\"2018-10-03T08:32:29+00:00\",\"dateModified\":\"2025-11-24T14:47:07+00:00\",\"breadcrumb\":{\"@id\":\"https:\/\/iptt.no\/innland\/kontakt\/#breadcrumb\"},\"inLanguage\":\"nb-NO-1\",\"potentialAction\":[{\"@type\":\"ReadAction\",\"target\":[\"https:\/\/iptt.no\/innland\/kontakt\/\"]}]},{\"@type\":\"ImageObject\",\"inLanguage\":\"nb-NO-1\",\"@id\":\"https:\/\/iptt.no\/innland\/kontakt\/#primaryimage\",\"url\":\"https:\/\/iptt.no\/wp-content\/uploads\/2022\/04\/alphamal.svg\",\"contentUrl\":\"https:\/\/iptt.no\/wp-content\/uploads\/2022\/04\/alphamal.svg\"},{\"@type\":\"BreadcrumbList\",\"@id\":\"https:\/\/iptt.no\/innland\/kontakt\/#breadcrumb\",\"itemListElement\":[{\"@type\":\"ListItem\",\"position\":1,\"name\":\"Hjem\",\"item\":\"https:\/\/iptt.no\/innland\/\"},{\"@type\":\"ListItem\",\"position\":2,\"name\":\"Kontakt\"}]},{\"@type\":\"WebSite\",\"@id\":\"https:\/\/iptt.no\/innland\/#website\",\"url\":\"https:\/\/iptt.no\/innland\/\",\"name\":\"Inn P\u00e5 Tunet Tr\u00f8ndelag\",\"description\":\"Din samarbeidspartner i Tr\u00f8ndelag\",\"publisher\":{\"@id\":\"https:\/\/iptt.no\/innland\/#organization\"},\"potentialAction\":[{\"@type\":\"SearchAction\",\"target\":{\"@type\":\"EntryPoint\",\"urlTemplate\":\"https:\/\/iptt.no\/innland\/?s={search_term_string}\"},\"query-input\":{\"@type\":\"PropertyValueSpecification\",\"valueRequired\":true,\"valueName\":\"search_term_string\"}}],\"inLanguage\":\"nb-NO-1\"},{\"@type\":\"Organization\",\"@id\":\"https:\/\/iptt.no\/innland\/#organization\",\"name\":\"Inn P\u00e5 Tunet Tr\u00f8ndelag\",\"url\":\"https:\/\/iptt.no\/innland\/\",\"logo\":{\"@type\":\"ImageObject\",\"inLanguage\":\"nb-NO-1\",\"@id\":\"https:\/\/iptt.no\/innland\/#\/schema\/logo\/image\/\",\"url\":\"https:\/\/iptt.no\/wp-content\/uploads\/2024\/04\/inn-pa-tunet_smaannonser4-002.jpg\",\"contentUrl\":\"https:\/\/iptt.no\/wp-content\/uploads\/2024\/04\/inn-pa-tunet_smaannonser4-002.jpg\",\"width\":413,\"height\":413,\"caption\":\"Inn P\u00e5 Tunet Tr\u00f8ndelag\"},\"image\":{\"@id\":\"https:\/\/iptt.no\/innland\/#\/schema\/logo\/image\/\"}}]}<\/script>\n<!-- \/ Yoast SEO plugin. -->","yoast_head_json":{"title":"Kontakt - Inn P\u00e5 Tunet Tr\u00f8ndelag","robots":{"index":"index","follow":"follow","max-snippet":"max-snippet:-1","max-image-preview":"max-image-preview:large","max-video-preview":"max-video-preview:-1"},"canonical":"https:\/\/iptt.no\/innland\/kontakt\/","og_locale":"en_US","og_type":"article","og_title":"Kontakt - Inn P\u00e5 Tunet Tr\u00f8ndelag","og_description":"Velkommen til \u00e5 ta kontakt med oss om du lurer p\u00e5 noen av tilbudene v\u00e5re, du har noen du \u00f8nsker \u00e5 formidle et inn p\u00e5 tune tilbud til eller du \u00f8nsker du \u00e5 s\u00f8ke godkjenning som Inn p\u00e5 tunet g\u00e5rd og bli del av v\u00e5rt lokale samvirke.","og_url":"https:\/\/iptt.no\/innland\/kontakt\/","og_site_name":"Inn P\u00e5 Tunet Tr\u00f8ndelag","article_modified_time":"2025-11-24T14:47:07+00:00","og_image":[{"url":"https:\/\/iptt.no\/wp-content\/uploads\/2022\/04\/alphamal.svg","type":"","width":"","height":""}],"twitter_card":"summary_large_image","schema":{"@context":"https:\/\/schema.org","@graph":[{"@type":"WebPage","@id":"https:\/\/iptt.no\/innland\/kontakt\/","url":"https:\/\/iptt.no\/innland\/kontakt\/","name":"Kontakt - Inn P\u00e5 Tunet Tr\u00f8ndelag","isPartOf":{"@id":"https:\/\/iptt.no\/innland\/#website"},"primaryImageOfPage":{"@id":"https:\/\/iptt.no\/innland\/kontakt\/#primaryimage"},"image":{"@id":"https:\/\/iptt.no\/innland\/kontakt\/#primaryimage"},"thumbnailUrl":"https:\/\/iptt.no\/wp-content\/uploads\/2022\/04\/alphamal.svg","datePublished":"2018-10-03T08:32:29+00:00","dateModified":"2025-11-24T14:47:07+00:00","breadcrumb":{"@id":"https:\/\/iptt.no\/innland\/kontakt\/#breadcrumb"},"inLanguage":"nb-NO-1","potentialAction":[{"@type":"ReadAction","target":["https:\/\/iptt.no\/innland\/kontakt\/"]}]},{"@type":"ImageObject","inLanguage":"nb-NO-1","@id":"https:\/\/iptt.no\/innland\/kontakt\/#primaryimage","url":"https:\/\/iptt.no\/wp-content\/uploads\/2022\/04\/alphamal.svg","contentUrl":"https:\/\/iptt.no\/wp-content\/uploads\/2022\/04\/alphamal.svg"},{"@type":"BreadcrumbList","@id":"https:\/\/iptt.no\/innland\/kontakt\/#breadcrumb","itemListElement":[{"@type":"ListItem","position":1,"name":"Hjem","item":"https:\/\/iptt.no\/innland\/"},{"@type":"ListItem","position":2,"name":"Kontakt"}]},{"@type":"WebSite","@id":"https:\/\/iptt.no\/innland\/#website","url":"https:\/\/iptt.no\/innland\/","name":"Inn P\u00e5 Tunet Tr\u00f8ndelag","description":"Din samarbeidspartner i Tr\u00f8ndelag","publisher":{"@id":"https:\/\/iptt.no\/innland\/#organization"},"potentialAction":[{"@type":"SearchAction","target":{"@type":"EntryPoint","urlTemplate":"https:\/\/iptt.no\/innland\/?s={search_term_string}"},"query-input":{"@type":"PropertyValueSpecification","valueRequired":true,"valueName":"search_term_string"}}],"inLanguage":"nb-NO-1"},{"@type":"Organization","@id":"https:\/\/iptt.no\/innland\/#organization","name":"Inn P\u00e5 Tunet Tr\u00f8ndelag","url":"https:\/\/iptt.no\/innland\/","logo":{"@type":"ImageObject","inLanguage":"nb-NO-1","@id":"https:\/\/iptt.no\/innland\/#\/schema\/logo\/image\/","url":"https:\/\/iptt.no\/wp-content\/uploads\/2024\/04\/inn-pa-tunet_smaannonser4-002.jpg","contentUrl":"https:\/\/iptt.no\/wp-content\/uploads\/2024\/04\/inn-pa-tunet_smaannonser4-002.jpg","width":413,"height":413,"caption":"Inn P\u00e5 Tunet Tr\u00f8ndelag"},"image":{"@id":"https:\/\/iptt.no\/innland\/#\/schema\/logo\/image\/"}}]}},"_links":{"self":[{"href":"https:\/\/iptt.no\/innland\/wp-json\/wp\/v2\/pages\/6035","targetHints":{"allow":["GET"]}}],"collection":[{"href":"https:\/\/iptt.no\/innland\/wp-json\/wp\/v2\/pages"}],"about":[{"href":"https:\/\/iptt.no\/innland\/wp-json\/wp\/v2\/types\/page"}],"author":[{"embeddable":true,"href":"https:\/\/iptt.no\/innland\/wp-json\/wp\/v2\/users\/7"}],"replies":[{"embeddable":true,"href":"https:\/\/iptt.no\/innland\/wp-json\/wp\/v2\/comments?post=6035"}],"version-history":[{"count":0,"href":"https:\/\/iptt.no\/innland\/wp-json\/wp\/v2\/pages\/6035\/revisions"}],"wp:attachment":[{"href":"https:\/\/iptt.no\/innland\/wp-json\/wp\/v2\/media?parent=6035"}],"curies":[{"name":"wp","href":"https:\/\/api.w.org\/{rel}","templated":true}]}}