{"id":6039,"date":"2024-01-30T09:57:21","date_gmt":"2024-01-30T08:57:21","guid":{"rendered":"https:\/\/innptunettrstg.wpenginepowered.com\/bli-med\/"},"modified":"2024-01-30T09:57:21","modified_gmt":"2024-01-30T08:57:21","slug":"bli-med","status":"publish","type":"page","link":"https:\/\/iptt.no\/innland\/bli-med\/","title":{"rendered":"Bli med"},"content":{"rendered":"","protected":false},"excerpt":{"rendered":"","protected":false},"author":7,"featured_media":0,"parent":0,"menu_order":1,"comment_status":"closed","ping_status":"closed","template":"","meta":{"_acf_changed":false,"_analytify_skip_tracking":false,"footnotes":""},"class_list":["post-6039","page","type-page","status-publish","hentry"],"acf":[],"yoast_head":"<!-- This site is optimized with the Yoast SEO plugin v27.2 - https:\/\/yoast.com\/product\/yoast-seo-wordpress\/ -->\n<title>Bli med - Inn P\u00e5 Tunet Tr\u00f8ndelag<\/title>\n<meta name=\"robots\" content=\"index, follow, max-snippet:-1, max-image-preview:large, max-video-preview:-1\" \/>\n<link rel=\"canonical\" href=\"https:\/\/iptt.no\/innland\/bli-med\/\" \/>\n<meta property=\"og:locale\" content=\"en_US\" \/>\n<meta property=\"og:type\" content=\"article\" \/>\n<meta property=\"og:title\" content=\"Bli med - Inn P\u00e5 Tunet Tr\u00f8ndelag\" \/>\n<meta property=\"og:url\" content=\"https:\/\/iptt.no\/innland\/bli-med\/\" \/>\n<meta property=\"og:site_name\" content=\"Inn P\u00e5 Tunet Tr\u00f8ndelag\" \/>\n<meta name=\"twitter:card\" content=\"summary_large_image\" \/>\n<script type=\"application\/ld+json\" class=\"yoast-schema-graph\">{\"@context\":\"https:\/\/schema.org\",\"@graph\":[{\"@type\":\"WebPage\",\"@id\":\"https:\/\/iptt.no\/innland\/bli-med\/\",\"url\":\"https:\/\/iptt.no\/innland\/bli-med\/\",\"name\":\"Bli med - Inn P\u00e5 Tunet Tr\u00f8ndelag\",\"isPartOf\":{\"@id\":\"https:\/\/iptt.no\/innland\/#website\"},\"datePublished\":\"2024-01-30T08:57:21+00:00\",\"breadcrumb\":{\"@id\":\"https:\/\/iptt.no\/innland\/bli-med\/#breadcrumb\"},\"inLanguage\":\"nb-NO-1\",\"potentialAction\":[{\"@type\":\"ReadAction\",\"target\":[\"https:\/\/iptt.no\/innland\/bli-med\/\"]}]},{\"@type\":\"BreadcrumbList\",\"@id\":\"https:\/\/iptt.no\/innland\/bli-med\/#breadcrumb\",\"itemListElement\":[{\"@type\":\"ListItem\",\"position\":1,\"name\":\"Hjem\",\"item\":\"https:\/\/iptt.no\/innland\/\"},{\"@type\":\"ListItem\",\"position\":2,\"name\":\"Bli med\"}]},{\"@type\":\"WebSite\",\"@id\":\"https:\/\/iptt.no\/innland\/#website\",\"url\":\"https:\/\/iptt.no\/innland\/\",\"name\":\"Inn P\u00e5 Tunet Tr\u00f8ndelag\",\"description\":\"Din samarbeidspartner i Tr\u00f8ndelag\",\"publisher\":{\"@id\":\"https:\/\/iptt.no\/innland\/#organization\"},\"potentialAction\":[{\"@type\":\"SearchAction\",\"target\":{\"@type\":\"EntryPoint\",\"urlTemplate\":\"https:\/\/iptt.no\/innland\/?s={search_term_string}\"},\"query-input\":{\"@type\":\"PropertyValueSpecification\",\"valueRequired\":true,\"valueName\":\"search_term_string\"}}],\"inLanguage\":\"nb-NO-1\"},{\"@type\":\"Organization\",\"@id\":\"https:\/\/iptt.no\/innland\/#organization\",\"name\":\"Inn P\u00e5 Tunet Tr\u00f8ndelag\",\"url\":\"https:\/\/iptt.no\/innland\/\",\"logo\":{\"@type\":\"ImageObject\",\"inLanguage\":\"nb-NO-1\",\"@id\":\"https:\/\/iptt.no\/innland\/#\/schema\/logo\/image\/\",\"url\":\"https:\/\/iptt.no\/wp-content\/uploads\/2024\/04\/inn-pa-tunet_smaannonser4-002.jpg\",\"contentUrl\":\"https:\/\/iptt.no\/wp-content\/uploads\/2024\/04\/inn-pa-tunet_smaannonser4-002.jpg\",\"width\":413,\"height\":413,\"caption\":\"Inn P\u00e5 Tunet Tr\u00f8ndelag\"},\"image\":{\"@id\":\"https:\/\/iptt.no\/innland\/#\/schema\/logo\/image\/\"}}]}<\/script>\n<!-- \/ Yoast SEO plugin. -->","yoast_head_json":{"title":"Bli med - Inn P\u00e5 Tunet Tr\u00f8ndelag","robots":{"index":"index","follow":"follow","max-snippet":"max-snippet:-1","max-image-preview":"max-image-preview:large","max-video-preview":"max-video-preview:-1"},"canonical":"https:\/\/iptt.no\/innland\/bli-med\/","og_locale":"en_US","og_type":"article","og_title":"Bli med - Inn P\u00e5 Tunet Tr\u00f8ndelag","og_url":"https:\/\/iptt.no\/innland\/bli-med\/","og_site_name":"Inn P\u00e5 Tunet Tr\u00f8ndelag","twitter_card":"summary_large_image","schema":{"@context":"https:\/\/schema.org","@graph":[{"@type":"WebPage","@id":"https:\/\/iptt.no\/innland\/bli-med\/","url":"https:\/\/iptt.no\/innland\/bli-med\/","name":"Bli med - Inn P\u00e5 Tunet Tr\u00f8ndelag","isPartOf":{"@id":"https:\/\/iptt.no\/innland\/#website"},"datePublished":"2024-01-30T08:57:21+00:00","breadcrumb":{"@id":"https:\/\/iptt.no\/innland\/bli-med\/#breadcrumb"},"inLanguage":"nb-NO-1","potentialAction":[{"@type":"ReadAction","target":["https:\/\/iptt.no\/innland\/bli-med\/"]}]},{"@type":"BreadcrumbList","@id":"https:\/\/iptt.no\/innland\/bli-med\/#breadcrumb","itemListElement":[{"@type":"ListItem","position":1,"name":"Hjem","item":"https:\/\/iptt.no\/innland\/"},{"@type":"ListItem","position":2,"name":"Bli med"}]},{"@type":"WebSite","@id":"https:\/\/iptt.no\/innland\/#website","url":"https:\/\/iptt.no\/innland\/","name":"Inn P\u00e5 Tunet Tr\u00f8ndelag","description":"Din samarbeidspartner i Tr\u00f8ndelag","publisher":{"@id":"https:\/\/iptt.no\/innland\/#organization"},"potentialAction":[{"@type":"SearchAction","target":{"@type":"EntryPoint","urlTemplate":"https:\/\/iptt.no\/innland\/?s={search_term_string}"},"query-input":{"@type":"PropertyValueSpecification","valueRequired":true,"valueName":"search_term_string"}}],"inLanguage":"nb-NO-1"},{"@type":"Organization","@id":"https:\/\/iptt.no\/innland\/#organization","name":"Inn P\u00e5 Tunet Tr\u00f8ndelag","url":"https:\/\/iptt.no\/innland\/","logo":{"@type":"ImageObject","inLanguage":"nb-NO-1","@id":"https:\/\/iptt.no\/innland\/#\/schema\/logo\/image\/","url":"https:\/\/iptt.no\/wp-content\/uploads\/2024\/04\/inn-pa-tunet_smaannonser4-002.jpg","contentUrl":"https:\/\/iptt.no\/wp-content\/uploads\/2024\/04\/inn-pa-tunet_smaannonser4-002.jpg","width":413,"height":413,"caption":"Inn P\u00e5 Tunet Tr\u00f8ndelag"},"image":{"@id":"https:\/\/iptt.no\/innland\/#\/schema\/logo\/image\/"}}]}},"_links":{"self":[{"href":"https:\/\/iptt.no\/innland\/wp-json\/wp\/v2\/pages\/6039","targetHints":{"allow":["GET"]}}],"collection":[{"href":"https:\/\/iptt.no\/innland\/wp-json\/wp\/v2\/pages"}],"about":[{"href":"https:\/\/iptt.no\/innland\/wp-json\/wp\/v2\/types\/page"}],"author":[{"embeddable":true,"href":"https:\/\/iptt.no\/innland\/wp-json\/wp\/v2\/users\/7"}],"replies":[{"embeddable":true,"href":"https:\/\/iptt.no\/innland\/wp-json\/wp\/v2\/comments?post=6039"}],"version-history":[{"count":0,"href":"https:\/\/iptt.no\/innland\/wp-json\/wp\/v2\/pages\/6039\/revisions"}],"wp:attachment":[{"href":"https:\/\/iptt.no\/innland\/wp-json\/wp\/v2\/media?parent=6039"}],"curies":[{"name":"wp","href":"https:\/\/api.w.org\/{rel}","templated":true}]}}